{"id":3751,"date":"2025-10-10T17:53:14","date_gmt":"2025-10-10T15:53:14","guid":{"rendered":"https:\/\/www.flowuppalma.com\/?page_id=3751"},"modified":"2026-03-19T16:30:53","modified_gmt":"2026-03-19T14:30:53","slug":"reflexology","status":"publish","type":"page","link":"https:\/\/www.flowuppalma.com\/es\/reflexology\/","title":{"rendered":"Reflexolog\u00eda"},"content":{"rendered":"<div class=\"wpb-content-wrapper\"><section data-bg-image=\"url\" class=\"vc_row wpb_row vc_row-fluid vc_custom_1773930626031 liquid-row-shadowbox-69e3d4348c798 vc_row-has-fill vc_row-has-bg\"><div class=\"ld-container container\"><div class=\"row ld-row\"><div class=\"wpb_column vc_column_container vc_col-sm-12 text-left liquid-column-69e3d4348cd79\"><div class=\"vc_column-inner\"><div class=\"wpb_wrapper\"   ><div class=\"wpb_wrapper-inner\"><style>.ld_fancy_heading_69e3d4348ce57 h1{color:rgb(255, 239, 214);}.ld_fancy_heading_69e3d4348ce57 h1 {padding-top:150px !important; padding-right:20px !important; padding-bottom:150px !important; padding-left:20px !important;  } @media (min-width: 1200px) { .ld_fancy_heading_69e3d4348ce57 h1 {padding-top:50px !important; padding-bottom:50px !important;  }  } @media (min-width: 1200px) { .ld_fancy_heading_69e3d4348ce57 h1 {margin-top:150px !important; margin-bottom:150px !important;  }  } .ld_fancy_heading_69e3d4348ce57 .lqd-highlight-inner{height:0.275em;bottom:0px;}.ld_fancy_heading_69e3d4348ce57 h1 {padding-top:150px !important; padding-right:20px !important; padding-bottom:150px !important; padding-left:20px !important;  } @media (min-width: 1200px) { .ld_fancy_heading_69e3d4348ce57 h1 {padding-top:50px !important; padding-bottom:50px !important;  }  } @media (min-width: 1200px) { .ld_fancy_heading_69e3d4348ce57 h1 {margin-top:150px !important; margin-bottom:150px !important;  }  } <\/style><div class=\"ld-fancy-heading ld_fancy_heading_69e3d4348ce57\">\n\t<h1 class=\"lqd-highlight-underline lqd-highlight-grow-left\" ><span class=\"ld-fh-txt\"> Metaphysical Reflexology<\/span><\/h1><\/div><\/div><\/div><\/div><\/div><\/div><\/div><\/section><section data-parallax=\"true\" data-parallax-options='{\"parallaxBG\":true}' style=\"background-position:center bottom !important;\" class=\"vc_row wpb_row vc_row-fluid vc_custom_1760095585747 row-contains-padding-top row-contains-padding-bottom liquid-row-shadowbox-69e3d4348e8ec vc_row-has-fill\"><div class=\"ld-container container\"><div class=\"row ld-row\"><div class=\"wpb_column vc_column_container vc_col-sm-12 vc_col-lg-5 vc_col-md-6 liquid-column-69e3d4348eb62\"><div class=\"vc_column-inner\"><div class=\"wpb_wrapper vc_custom_1760095843331\"   ><div class=\"wpb_wrapper-inner\"><style>.ld_fancy_heading_69e3d4348ec3b p{font-size:26px;line-height:36px;letter-spacing:0px;color:#8fa99c;}.ld_fancy_heading_69e3d4348ec3b p {padding-top:0px !important;  } .ld_fancy_heading_69e3d4348ec3b p {margin-top:0px !important;  } .ld_fancy_heading_69e3d4348ec3b .lqd-highlight-inner{height:0.275em;bottom:0px;}.ld_fancy_heading_69e3d4348ec3b p {padding-top:0px !important;  } .ld_fancy_heading_69e3d4348ec3b p {margin-top:0px !important;  } <\/style><div class=\"ld-fancy-heading text-uppercase ld_fancy_heading_69e3d4348ec3b\">\n\t<p class=\"lqd-highlight-underline lqd-highlight-grow-left\" ><span class=\"ld-fh-txt\"> Metaphysical Reflexology \u2014 with Alexandrine Cailleau<\/span><\/p><\/div><div class=\"vc_empty_space\"   style=\"height: 10px\"><span class=\"vc_empty_space_inner\"><\/span><\/div><div class=\"vc_separator wpb_content_element vc_separator_align_center vc_sep_width_10 vc_sep_border_width_2 vc_sep_pos_align_left vc_separator_no_text vc_custom_1759830550810 wpb_content_element  vc_custom_1759830550810 wpb_content_element\" ><span class=\"vc_sep_holder vc_sep_holder_l\"><span style=\"border-color:#FCCECD;\" class=\"vc_sep_line\"><\/span><\/span><span class=\"vc_sep_holder vc_sep_holder_r\"><span style=\"border-color:#FCCECD;\" class=\"vc_sep_line\"><\/span><\/span>\n<\/div><style>.ld_fancy_heading_69e3d4348f7ed p{font-size:14px;}.ld_fancy_heading_69e3d4348f7ed .lqd-highlight-inner{height:0.275em;bottom:0px;}<\/style><div class=\"ld-fancy-heading ld_fancy_heading_69e3d4348f7ed\">\n\t<p class=\"lqd-highlight-underline lqd-highlight-grow-left\" ><span class=\"ld-fh-txt\"> Each month, Flow Up has the privilege of welcoming Alexandrine Cailleau, a renowned practitioner in conscious and energetic reflexology, who divides her time between Paris, Monaco, London, and Palma.<\/p>\n<p>One week per month, she comes exclusively to the studio to offer an approach to the Arts of Reflexology that goes far beyond conventional techniques.<\/span><\/p><\/div><style>.ld_fancy_heading_69e3d4348f906 .lqd-highlight-inner{height:0.275em;bottom:0px;}<\/style><div class=\"ld-fancy-heading ld_fancy_heading_69e3d4348f906\">\n\t<p class=\"lqd-highlight-underline lqd-highlight-grow-left\" ><span class=\"ld-fh-txt\"> Through a touch that is both precise and intuitive, deeply connected to the body\u2019s energy and its informational vibrational field, her sessions guide you toward your inner being.<\/span><\/p><\/div><\/div><\/div><\/div><\/div><style>@media (min-width: 1200px) { .liquid-column-responsive-69e3d4348fba1 > .vc_column-inner > .wpb_wrapper {margin-top:-200px !important; padding-top:0px !important; padding-right:0px !important; padding-bottom:0px !important; padding-left:0px !important;  }  } <\/style><div class=\"z-index-2 wpb_column vc_column_container vc_col-sm-12 vc_col-lg-offset-2 vc_col-lg-5 vc_col-md-6 text-center liquid-column-69e3d4348fb9f liquid-column-responsive-69e3d4348fba1 vc_col-has-fill\" data-pin=\"true\" data-pin-options='{\"duration\":\"5%\",\"pushFollowers\":false}' data-parallax=\"true\" data-parallax-from='{\"translateY\":-135}' data-parallax-to='{\"translateY\":111}' data-parallax-options='{\"easing\":\"linear\",\"reverse\":true,\"triggerHook\":\"onEnter\"}'><div class=\"vc_column-inner\"><div class=\"wpb_wrapper vc_custom_1760095880376\"  data-custom-animations=\"true\" data-ca-options='{\"triggerHandler\":\"inview\",\"animationTarget\":\"all-childs\",\"duration\":\"1600\",\"delay\":100,\"easing\":\"easeOutQuint\",\"direction\":\"forward\",\"initValues\":{\"translateY\":35,\"opacity\":0},\"animations\":{\"translateY\":0,\"opacity\":1}}' ><div class=\"wpb_wrapper-inner\">\n\t<div  class=\"wpb_single_image wpb_content_element vc_align_left  liquid_vc_single_image-69e3d43496707\">\n\t\t\n\t\t<figure class=\"wpb_wrapper vc_figure\">\n\t\t\t<div class=\"vc_single_image-wrapper   vc_box_border_grey\"><img loading=\"lazy\" decoding=\"async\" width=\"853\" height=\"1280\" src=\"data:image\/svg+xml;charset=utf-8,&lt;svg xmlns%3D&#039;http%3A%2F%2Fwww.w3.org%2F2000%2Fsvg&#039; viewBox%3D&#039;0 0 853 1280&#039;%2F&gt;\" class=\"vc_single_image-img attachment-full ld-lazyload\" alt=\"\" title=\"REFL\" srcset=\"\" sizes=\"auto, (max-width: 853px) 100vw, 853px\" data-src=\"https:\/\/www.flowuppalma.com\/wp-content\/uploads\/2026\/02\/REFL.jpeg\" data-srcset=\"https:\/\/www.flowuppalma.com\/wp-content\/uploads\/2026\/02\/REFL.jpeg 853w, https:\/\/www.flowuppalma.com\/wp-content\/uploads\/2026\/02\/REFL-200x300.jpeg 200w, https:\/\/www.flowuppalma.com\/wp-content\/uploads\/2026\/02\/REFL-682x1024.jpeg 682w, https:\/\/www.flowuppalma.com\/wp-content\/uploads\/2026\/02\/REFL-370x555.jpeg 370w, https:\/\/www.flowuppalma.com\/wp-content\/uploads\/2026\/02\/REFL-8x12.jpeg 8w\" data-aspect=\"0.66640625\" \/><\/div>\n\t\t<\/figure>\n\t<\/div>\n<style>.ld_fancy_heading_69e3d434967c5 h3{color:rgb(255, 239, 214);}.ld_fancy_heading_69e3d434967c5 .lqd-highlight-inner{height:0.275em;bottom:0px;background:rgb(255, 239, 214);}<\/style><div class=\"ld-fancy-heading ld_fancy_heading_69e3d434967c5\">\n\t<h3 class=\"lqd-highlight-underline lqd-highlight-grow-left\" ><span class=\"ld-fh-txt\"> En Breve<\/span><\/h3><\/div><style>.ld_fancy_heading_69e3d43496939 div{color:rgb(255, 239, 214);}@media (min-width: 1200px) { .ld_fancy_heading_69e3d43496939 div {padding-right:20px !important; padding-left:20px !important;  }  } .ld_fancy_heading_69e3d43496939 .lqd-highlight-inner{height:0.275em;bottom:0px;background:rgb(255, 239, 214);}@media (min-width: 1200px) { .ld_fancy_heading_69e3d43496939 div {padding-right:20px !important; padding-left:20px !important;  }  } <\/style><div class=\"ld-fancy-heading ld_fancy_heading_69e3d43496939\">\n\t<div class=\"lqd-highlight-underline lqd-highlight-grow-left\" ><span class=\"ld-fh-txt\"> <\/p>\n<p class=\"p1\">Alexandrine perceives and feels what many do not: subtle imbalances, areas of blockage, and stored emotions.<br \/>\nHer work invites a deep, global realignment \u2014 both physical and energetic \u2014 a true reconnection to oneself and to the Self, through the body.<\/span><\/div><\/div><style>.ld_button_69e3d43496a7a.btn-icon-solid .btn-icon{background:rgb(252, 206, 205);}.ld_button_69e3d43496a7a.btn-icon-circle.btn-icon-ripple .btn-icon:before{border-color:rgb(252, 206, 205);}.ld_button_69e3d43496a7a.btn-icon-solid:hover .btn-icon{background:rgb(254, 245, 231);}.ld_button_69e3d43496a7a{background-color:rgb(252, 206, 205);border-color:rgb(252, 206, 205);color:rgb(0, 0, 0);}.ld_button_69e3d43496a7a:hover{background-color:rgb(254, 245, 231);border-color:rgb(254, 245, 231);color:rgb(0, 0, 0);}.ld_button_69e3d43496a7a .btn-gradient-bg-hover{background:-webkit-linear-gradient(to right, rgb(254, 245, 231) 0%, rgb(254, 245, 231) 100%);background:linear-gradient(to right, rgb(254, 245, 231) 0%, rgb(254, 245, 231) 100%);}.ld_button_69e3d43496a7a .btn-gradient-border defs stop:first-child{stop-color:rgb(252, 206, 205);}.ld_button_69e3d43496a7a .btn-gradient-border defs stop:last-child{stop-color:rgb(252, 206, 205);}.ld_button_69e3d43496a7a:hover .btn-gradient-border defs stop:first-child{stop-color:rgb(254, 245, 231);}.ld_button_69e3d43496a7a:hover .btn-gradient-border defs stop:last-child{stop-color:rgb(254, 245, 231);}<\/style><a href=\"https:\/\/wa.me\/34675225689\" title=\"Reserva ahora\" class=\"btn btn-solid btn-bordered border-thin ld_button_69e3d43496a7a\">\n\t<span>\n\t\t\n\t\t\t\t\t<span class=\"btn-txt\">Reserva ahora<\/span>\n\t\t\t\n\t\t\t\t<\/span>\n<\/a>\n<div class=\"vc_empty_space\"   style=\"height: 18px\"><span class=\"vc_empty_space_inner\"><\/span><\/div><\/div><\/div><\/div><\/div><style>@media (min-width: 1200px) { .liquid-column-responsive-69e3d434973ae > .vc_column-inner > .wpb_wrapper {margin-bottom:0px !important;  }  } <\/style><div class=\"wpb_column vc_column_container vc_col-sm-12 liquid-column-69e3d434973ac liquid-column-responsive-69e3d434973ae\"><div class=\"vc_column-inner\"><div class=\"wpb_wrapper\"   ><div class=\"wpb_wrapper-inner\"><div class=\"vc_empty_space\"   style=\"height: 80px\"><span class=\"vc_empty_space_inner\"><\/span><\/div><style>.ld_fancy_heading_69e3d4349753f p{font-size:20px;}.ld_fancy_heading_69e3d4349753f .lqd-highlight-inner{height:0.275em;bottom:0px;}<\/style><div class=\"ld-fancy-heading ld_fancy_heading_69e3d4349753f\">\n\t<p class=\"lqd-highlight-underline lqd-highlight-grow-left\" ><span class=\"ld-fh-txt\"> Trained in several complementary disciplines, she tailors each session according to individual needs, combining one or more of the following approaches:<\/span><\/p><\/div><\/div><\/div><\/div><\/div><\/div><\/div><\/section><style>@media (min-width: 1200px) { .liquid-row-responsive-69e3d43497d59 {margin-bottom:20px !important;  }  }   <\/style><section class=\"vc_row wpb_row vc_row-fluid liquid-row-responsive-69e3d43497d59 liquid-row-shadowbox-69e3d43497d68\"><div class=\"ld-container container\"><div class=\"row ld-row\"><div class=\"wpb_column vc_column_container vc_col-sm-4 liquid-column-69e3d43497fa5\"><div class=\"vc_column-inner\"><div class=\"wpb_wrapper\"   ><div class=\"wpb_wrapper-inner\"><\/div><\/div><\/div><\/div><div class=\"wpb_column vc_column_container vc_col-sm-4 liquid-column-69e3d43498177\"><div class=\"vc_column-inner\"><div class=\"wpb_wrapper\"   ><div class=\"wpb_wrapper-inner\"><\/div><\/div><\/div><\/div><div class=\"wpb_column vc_column_container vc_col-sm-4 liquid-column-69e3d43498335\"><div class=\"vc_column-inner\"><div class=\"wpb_wrapper\"   ><div class=\"wpb_wrapper-inner\"><\/div><\/div><\/div><\/div><\/div><\/div><\/section><section class=\"vc_row wpb_row vc_row-fluid liquid-row-shadowbox-69e3d434984e8\"><div class=\"ld-container container\"><div class=\"row ld-row\"><div class=\"wpb_column vc_column_container vc_col-sm-1\/5 liquid-column-69e3d43498718\"><div class=\"vc_column-inner\"><div class=\"wpb_wrapper\"   ><div class=\"wpb_wrapper-inner\"><style>.ld_fancy_heading_69e3d434987a5 h3{color:rgb(54, 62, 58);}.ld_fancy_heading_69e3d434987a5 .lqd-highlight-inner{height:0.275em;bottom:0px;}<\/style><div class=\"ld-fancy-heading ld_fancy_heading_69e3d434987a5\">\n\t<h3 class=\"lqd-highlight-underline lqd-highlight-grow-left\" ><span class=\"ld-fh-txt\"> Reflexolog\u00eda Plantar<\/span><\/h3><\/div><div class=\"vc_empty_space\"   style=\"height: 18px\"><span class=\"vc_empty_space_inner\"><\/span><\/div><style>.ld_fancy_heading_69e3d434990e7 p{line-height:30px;}.ld_fancy_heading_69e3d434990e7 .lqd-highlight-inner{height:0.275em;bottom:0px;}<\/style><div class=\"ld-fancy-heading ld_fancy_heading_69e3d434990e7\">\n\t<p class=\"lqd-highlight-underline lqd-highlight-grow-left\" ><span class=\"ld-fh-txt\"> A true alchemy. With over 7,200 nerve endings in each foot, this method is one of the most effective tools to regulate the nervous system, support metabolic balance, harmonize organ and endocrine function, and restore energetic flow \u2014 based on over 30 years of expertise.<\/span><\/p><\/div><\/div><\/div><\/div><\/div><div class=\"wpb_column vc_column_container vc_col-sm-1\/5 liquid-column-69e3d4349949b\"><div class=\"vc_column-inner\"><div class=\"wpb_wrapper\"   ><div class=\"wpb_wrapper-inner\"><style>.ld_fancy_heading_69e3d4349952c h3{color:rgb(54, 62, 58);}.ld_fancy_heading_69e3d4349952c .lqd-highlight-inner{height:0.275em;bottom:0px;}<\/style><div class=\"ld-fancy-heading ld_fancy_heading_69e3d4349952c\">\n\t<h3 class=\"lqd-highlight-underline lqd-highlight-grow-left\" ><span class=\"ld-fh-txt\"> Reflexolog\u00eda Abdominal (Chi Nei Tsang)<\/span><\/h3><\/div><div class=\"vc_empty_space\"   style=\"height: 18px\"><span class=\"vc_empty_space_inner\"><\/span><\/div><style>.ld_fancy_heading_69e3d4349967f p{line-height:30px;}.ld_fancy_heading_69e3d4349967f .lqd-highlight-inner{height:0.275em;bottom:0px;}<\/style><div class=\"ld-fancy-heading ld_fancy_heading_69e3d4349967f\">\n\t<p class=\"lqd-highlight-underline lqd-highlight-grow-left\" ><span class=\"ld-fh-txt\"> A refined connection to the body\u2019s inner laboratory and psyche. This approach helps cleanse and reactivate the internal system \u2014 learning to \u201cdigest\u201d not only food, but also life events. Releasing stored emotions allows the abdomen, the center of our vitality, to regain harmony and balance.<\/span><\/p><\/div><\/div><\/div><\/div><\/div><div class=\"wpb_column vc_column_container vc_col-sm-1\/5 liquid-column-69e3d434998d3\"><div class=\"vc_column-inner\"><div class=\"wpb_wrapper\"   ><div class=\"wpb_wrapper-inner\"><style>.ld_fancy_heading_69e3d4349995f h3{color:rgb(54, 62, 58);}.ld_fancy_heading_69e3d4349995f .lqd-highlight-inner{height:0.275em;bottom:0px;}<\/style><div class=\"ld-fancy-heading ld_fancy_heading_69e3d4349995f\">\n\t<h3 class=\"lqd-highlight-underline lqd-highlight-grow-left\" ><span class=\"ld-fh-txt\"> Reflexolog\u00eda Facial (Chan'Beaut\u00e9)<\/span><\/h3><\/div><div class=\"vc_empty_space\"   style=\"height: 18px\"><span class=\"vc_empty_space_inner\"><\/span><\/div><style>.ld_fancy_heading_69e3d43499aad p{line-height:30px;}.ld_fancy_heading_69e3d43499aad .lqd-highlight-inner{height:0.275em;bottom:0px;}<\/style><div class=\"ld-fancy-heading ld_fancy_heading_69e3d43499aad\">\n\t<p class=\"lqd-highlight-underline lqd-highlight-grow-left\" ><span class=\"ld-fh-txt\"> A powerful and efficient reset. Subtle stimulation of facial reflex zones using playful and original Vietnamese tools creates deep relaxation, a natural lifting effect, and a radiant boost to the complexion.<\/span><\/p><\/div><\/div><\/div><\/div><\/div><div class=\"wpb_column vc_column_container vc_col-sm-1\/5 liquid-column-69e3d43499ce2\"><div class=\"vc_column-inner\"><div class=\"wpb_wrapper\"   ><div class=\"wpb_wrapper-inner\"><style>.ld_fancy_heading_69e3d43499d72 h3{color:rgb(54, 62, 58);}.ld_fancy_heading_69e3d43499d72 .lqd-highlight-inner{height:0.275em;bottom:0px;}<\/style><div class=\"ld-fancy-heading ld_fancy_heading_69e3d43499d72\">\n\t<h3 class=\"lqd-highlight-underline lqd-highlight-grow-left\" ><span class=\"ld-fh-txt\"> Lithotherapy<\/span><\/h3><\/div><div class=\"vc_empty_space\"   style=\"height: 18px\"><span class=\"vc_empty_space_inner\"><\/span><\/div><style>.ld_fancy_heading_69e3d43499ec1 p{line-height:30px;}.ld_fancy_heading_69e3d43499ec1 .lqd-highlight-inner{height:0.275em;bottom:0px;}<\/style><div class=\"ld-fancy-heading ld_fancy_heading_69e3d43499ec1\">\n\t<p class=\"lqd-highlight-underline lqd-highlight-grow-left\" ><span class=\"ld-fh-txt\"> <\/p>\n<p class=\"p1\">Energetic balancing through <span class=\"s1\"><b>Mineral Elixirs<\/b><\/span>, designed to harmonize internal flows, realign chakra activity, enhance vital energy, and help overcome emotional or psychological blockages.<\/p>\n<p><\/span><\/p><\/div><\/div><\/div><\/div><\/div><div class=\"wpb_column vc_column_container vc_col-sm-1\/5 liquid-column-69e3d4349a142\"><div class=\"vc_column-inner\"><div class=\"wpb_wrapper\"   ><div class=\"wpb_wrapper-inner\"><style>.ld_fancy_heading_69e3d4349a1cc h3{color:rgb(54, 62, 58);}.ld_fancy_heading_69e3d4349a1cc .lqd-highlight-inner{height:0.275em;bottom:0px;}<\/style><div class=\"ld-fancy-heading ld_fancy_heading_69e3d4349a1cc\">\n\t<h3 class=\"lqd-highlight-underline lqd-highlight-grow-left\" ><span class=\"ld-fh-txt\"> MUNZ FLOOR\u00ae Method<\/span><\/h3><\/div><div class=\"vc_empty_space\"   style=\"height: 18px\"><span class=\"vc_empty_space_inner\"><\/span><\/div><style>.ld_fancy_heading_69e3d4349a315 p{line-height:30px;}.ld_fancy_heading_69e3d4349a315 .lqd-highlight-inner{height:0.275em;bottom:0px;}<\/style><div class=\"ld-fancy-heading ld_fancy_heading_69e3d4349a315\">\n\t<p class=\"lqd-highlight-underline lqd-highlight-grow-left\" ><span class=\"ld-fh-txt\"> An innovative floor-based practice focused on fascia release, combining spiral movements with a deeply restorative slowness. This method regenerates both body and mind and is offered in private or group sessions.<\/span><\/p><\/div><\/div><\/div><\/div><\/div><\/div><\/div><\/section><section class=\"vc_row wpb_row vc_row-fluid liquid-row-shadowbox-69e3d4349a553\"><div class=\"ld-container container\"><div class=\"row ld-row\"><div class=\"wpb_column vc_column_container vc_col-sm-12 liquid-column-69e3d4349a780\"><div class=\"vc_column-inner\"><div class=\"wpb_wrapper\"   ><div class=\"wpb_wrapper-inner\"><style>.ld_section_title_69e3d4349a82b h2{color:rgb(153, 183, 171);}<\/style><header class=\"fancy-title text-center ld_section_title_69e3d4349a82b\">\n\t<h2>Each session is unique \u2014 an inner journey where the body regenerates, the mind settles, and energy flows freely once again.<\/h2>\t\t<\/header><\/div><\/div><\/div><\/div><\/div><\/div><\/section><section data-parallax=\"true\" data-parallax-options='{\"parallaxBG\":true}' data-bg-image=\"url\" class=\"vc_row wpb_row vc_row-fluid vc_custom_1760110657548 liquid-row-shadowbox-69e3d4349ab14 vc_row-has-fill vc_row-has-bg\"><div class=\"ld-container container\"><div class=\"row ld-row\"><div class=\"wpb_column vc_column_container vc_col-sm-12 liquid-column-69e3d4349ad3b\"><div class=\"vc_column-inner\"><div class=\"wpb_wrapper\"   ><div class=\"wpb_wrapper-inner\"><div class=\"vc_empty_space\"   style=\"height: 420px\"><span class=\"vc_empty_space_inner\"><\/span><\/div><\/div><\/div><\/div><\/div><\/div><\/div><\/section><style>@media (min-width: 1200px) { .liquid-row-responsive-69e3d4349afb1 {margin-top:0px !important;  }  }   <\/style><section class=\"vc_row wpb_row vc_row-fluid vc_custom_1759947762277 row-contains-padding-top row-contains-padding-bottom liquid-row-responsive-69e3d4349afb1 liquid-row-shadowbox-69e3d4349afc1 vc_row-o-content-middle vc_row-flex\"><div class=\"ld-container container\"><div class=\"row ld-row\"><div class=\"wpb_column vc_column_container vc_col-sm-12 vc_col-md-offset-0 vc_col-md-6 text-center liquid-column-69e3d4349b1e6\"><div class=\"vc_column-inner\"><div class=\"wpb_wrapper\"   ><div class=\"wpb_wrapper-inner\"><div id=\"ld_images_group_container_69e3d4349b2a6\" class=\"liquid-img-group-container ld_images_group_container_69e3d4349b2a6\"  >\n\t<div class=\"liquid-img-group-inner\">\n\t\t<div id=\"ld_images_group_element_69e3d4349b47e\" class=\"liquid-img-group-single ld_images_group_element_69e3d4349b47e\" data-shadow-style=\"4\" data-roundness=\"4\" data-inview=\"true\" data-animate-shadow=\"true\">\n\t\n\t\t\n\t<div class=\"liquid-img-group-img-container\">\n\t\t\n\t\t\n\t\t\t\t\n\t\t\t\t<div class=\"liquid-img-container-inner\" >\n\t\t\t<figure ><img loading=\"lazy\" decoding=\"async\" width=\"1472\" height=\"981\" src=\"data:image\/svg+xml;charset=utf-8,\" class=\"attachment-full size-full ld-lazyload\" alt=\"\" srcset=\"\" sizes=\"auto, (max-width: 1472px) 100vw, 1472px\" data-src=\"data:image\/svg+xml;charset=utf-8,\" data-srcset=\"\" data-aspect=\"1.5005096839959\" \/><\/figure>\t\t\t\t\t<\/div><!-- \/.liquid-img-container-inner -->\n\t\t\n\t<\/div><!-- \/.liquid-img-group-content -->\n<\/div><!-- \/.liquid-img-group-single -->\n\t\n\t<\/div><!-- \/.liquid-img-group-inner -->\n<\/div><!-- \/.liquid-img-group-container --><\/div><\/div><\/div><\/div><style>@media (min-width: 992px) { .liquid-column-responsive-69e3d434a16ab > .vc_column-inner > .wpb_wrapper {padding-right:7% !important; padding-left:12% !important;  }  } <\/style><div class=\"wpb_column vc_column_container vc_col-sm-12 vc_col-md-6 liquid-column-69e3d434a16a9 liquid-column-responsive-69e3d434a16ab\"><div class=\"vc_column-inner\"><div class=\"wpb_wrapper\"  data-custom-animations=\"true\" data-ca-options='{\"triggerHandler\":\"inview\",\"animationTarget\":\"all-childs\",\"duration\":\"1600\",\"delay\":\"160\",\"easing\":\"easeOutQuint\",\"direction\":\"forward\",\"initValues\":{\"translateY\":30,\"opacity\":0},\"animations\":{\"translateY\":0,\"opacity\":1}}' ><div class=\"wpb_wrapper-inner\"><style>.ld_fancy_heading_69e3d434a17bb h2{color:rgb(54, 62, 58);}.ld_fancy_heading_69e3d434a17bb h2 {margin-bottom:0.75em !important;  } .ld_fancy_heading_69e3d434a17bb .lqd-highlight-inner{height:0.275em;bottom:0px;}.ld_fancy_heading_69e3d434a17bb h2 {margin-bottom:0.75em !important;  } <\/style><div class=\"ld-fancy-heading ld_fancy_heading_69e3d434a17bb\">\n\t<h2 class=\"lqd-highlight-underline lqd-highlight-grow-left\" ><span class=\"ld-fh-txt\"> Beneficios Principales<\/span><\/h2><\/div><style>.ld_fancy_heading_69e3d434a18e5 p{font-size:16px;line-height:1.78em;letter-spacing:0.01em;}.ld_fancy_heading_69e3d434a18e5 p {margin-bottom:2em !important;  } .ld_fancy_heading_69e3d434a18e5 .lqd-highlight-inner{height:0.275em;bottom:0px;}.ld_fancy_heading_69e3d434a18e5 p {margin-bottom:2em !important;  } <\/style><div class=\"ld-fancy-heading ld_fancy_heading_69e3d434a18e5\">\n\t<p class=\"lqd-highlight-underline lqd-highlight-grow-left\" ><span class=\"ld-fh-txt\"> La reflexolog\u00eda ayuda al cuerpo a restaurar el equilibrio natural estimulando puntos espec\u00edficos vinculados a los \u00f3rganos y sistemas. Los tratamientos reducen la tensi\u00f3n, mejoran la circulaci\u00f3n y aumentan el flujo de energ\u00eda, dejando a los clientes profundamente relajados y revitalizados. La reflexolog\u00eda facial mejora el tono y el resplandor, la reflexolog\u00eda ventral apoya la digesti\u00f3n y la desintoxicaci\u00f3n, y la reflexolog\u00eda plantar fomenta el enraizamiento y el bienestar general. Cuando se combina con terapias como Vibria, Access Bars o Acupuntura, la reflexolog\u00eda se convierte en parte de un programa completo de bienestar hol\u00edstico.<\/span><\/p><\/div><style>.ld_button_69e3d434a19e2.btn-icon-solid:hover .btn-icon{background:rgb(252, 206, 205);}.ld_button_69e3d434a19e2:hover{background-color:rgb(252, 206, 205);border-color:rgb(252, 206, 205);color:rgb(0, 0, 0);}.ld_button_69e3d434a19e2 .btn-gradient-bg-hover{background:-webkit-linear-gradient(to right, rgb(252, 206, 205) 0%, rgb(252, 206, 205) 100%);background:linear-gradient(to right, rgb(252, 206, 205) 0%, rgb(252, 206, 205) 100%);}.ld_button_69e3d434a19e2:hover .btn-gradient-border defs stop:first-child{stop-color:rgb(252, 206, 205);}.ld_button_69e3d434a19e2:hover .btn-gradient-border defs stop:last-child{stop-color:rgb(252, 206, 205);}.ld_button_69e3d434a19e2{color:rgb(0, 0, 0);font-size:20px !important;letter-spacing:0.02em !important;}<\/style><a href=\"https:\/\/wa.me\/34675225689\" title=\"Reserva ahora\" class=\"btn btn-solid btn-sm semi-round btn-bordered border-thin ld_button_69e3d434a19e2 vc_custom_1771256780634\">\n\t<span>\n\t\t\n\t\t\t\t\t<span class=\"btn-txt\">Reserva ahora<\/span>\n\t\t\t\n\t\t\t\t<\/span>\n<\/a>\n<style>.ld_spacer_69e3d434a1f9c{height:32px;}<\/style>\n<div class=\"ld-empty-space ld_spacer_69e3d434a1f9c\"><span class=\"liquid_empty_space_inner\"><\/span><\/div><\/div><\/div><\/div><\/div><\/div><\/div><\/section>\n<\/div>","protected":false},"excerpt":{"rendered":"Metaphysical Reflexology Metaphysical Reflexology \u2014 with Alexandrine Cailleau Each month, Flow Up has the privilege...","protected":false},"author":1,"featured_media":0,"parent":0,"menu_order":0,"comment_status":"closed","ping_status":"closed","template":"","meta":{"footnotes":""},"class_list":["post-3751","page","type-page","status-publish","hentry"],"_links":{"self":[{"href":"https:\/\/www.flowuppalma.com\/es\/wp-json\/wp\/v2\/pages\/3751","targetHints":{"allow":["GET"]}}],"collection":[{"href":"https:\/\/www.flowuppalma.com\/es\/wp-json\/wp\/v2\/pages"}],"about":[{"href":"https:\/\/www.flowuppalma.com\/es\/wp-json\/wp\/v2\/types\/page"}],"author":[{"embeddable":true,"href":"https:\/\/www.flowuppalma.com\/es\/wp-json\/wp\/v2\/users\/1"}],"replies":[{"embeddable":true,"href":"https:\/\/www.flowuppalma.com\/es\/wp-json\/wp\/v2\/comments?post=3751"}],"version-history":[{"count":17,"href":"https:\/\/www.flowuppalma.com\/es\/wp-json\/wp\/v2\/pages\/3751\/revisions"}],"predecessor-version":[{"id":4111,"href":"https:\/\/www.flowuppalma.com\/es\/wp-json\/wp\/v2\/pages\/3751\/revisions\/4111"}],"wp:attachment":[{"href":"https:\/\/www.flowuppalma.com\/es\/wp-json\/wp\/v2\/media?parent=3751"}],"curies":[{"name":"wp","href":"https:\/\/api.w.org\/{rel}","templated":true}]}}